{"id":1999,"date":"2025-11-25T15:23:55","date_gmt":"2025-11-25T14:23:55","guid":{"rendered":"https:\/\/practicalsense.net\/?page_id=1999"},"modified":"2025-12-04T10:46:03","modified_gmt":"2025-12-04T09:46:03","slug":"editorial-no-3","status":"publish","type":"page","link":"https:\/\/practicalsense.net\/index.php\/editorial-no-3\/","title":{"rendered":"Editorial"},"content":{"rendered":"\t\t<div data-elementor-type=\"wp-page\" data-elementor-id=\"1999\" class=\"elementor elementor-1999\">\n\t\t\t\t<div class=\"elementor-element elementor-element-ce32b98 e-flex e-con-boxed e-con e-parent\" data-id=\"ce32b98\" data-element_type=\"container\">\n\t\t\t\t\t<div class=\"e-con-inner\">\n\t\t\t\t<div class=\"elementor-element elementor-element-3bd0086 elementor-widget elementor-widget-text-editor\" data-id=\"3bd0086\" data-element_type=\"widget\" data-widget_type=\"text-editor.default\">\n\t\t\t\t<div class=\"elementor-widget-container\">\n\t\t\t\t\t\t\t\t\t<p><span style=\"color: #001248;\"><\/span><\/p>\n<p class=\"has-text-align-left\" style=\"text-align: justify;\"><span style=\"color: #001248;\">The third issue of <em>Practical Sense<\/em> arrives on the occasion of the 50th anniversary of <em>Actes de la recherche en sciences sociales<\/em>.<\/span><br \/><span style=\"color: #001248;\">Non-Francophone readers now have access, by way of translation, to a large number of Pierre Bourdieu\u2019s books. This number varies, of course, depending on the language. At the same time, certain aspects of Bourdieu\u2019s scholarly work remain invisible and inaccessible even to Francophone readers. This applies particularly to the important work he executed as the director of the journal <em>Actes de la recherche en sciences sociales<\/em>.<\/span><br \/><span style=\"color: #001248;\">This journal is published in Paris, where it was founded in 1975 by Bourdieu and a team of researchers he assembled. He led the journal until his passing in 2002, for over 25 years. Issues of the journal can be consulted in any country in the world, on the websites <span style=\"text-decoration: underline;\"><a href=\"https:\/\/www.persee.fr\" target=\"_blank\" rel=\"noopener\">persee.fr<\/a><\/span> and <span style=\"text-decoration: underline;\"><a href=\"https:\/\/shs.cairn.info\" target=\"_blank\" rel=\"noopener\">cairn.info<\/a><\/span>.<\/span><br \/><span style=\"color: #001248;\">Published in French, the journal retains a strong international dimension. In certain periods, more than half of its articles were written by researchers working outside of France: in North America or in Western Europe, but also in countries like Brazil, Hungary, and Algeria, with whom Bourdieu and researchers at his center had established close bonds. There also came, as the result of varied and incidental collaborations, articles from a number of other countries: Norway, Sweden, Greece, Israel, Argentina, Japan, South Korea\u2026 At the same time, the journal had a Francophone readership that spanned the globe.<\/span><br \/><span style=\"color: #001248;\">Bourdieu\u2019s work always had a collective dimension. Starting in 1975, <em>Actes de la recherche<\/em> became the subject of significant investment from the collective surrounding him. The journal aspired to be the expression of an international network of researchers, with shared principles on what the social sciences should be. Bourdieu himself regularly published his latest work in <em>Actes de la recherche<\/em>. And, though not reducible to it, the journal was also an extension of his work. It published all sorts of research that was, though inspired by his work in many ways, also a means to develop Bourdieu\u2019s tools and apply them to fields and social universes he couldn\u2019t address, due to a lack of time and specific expertise. <\/span><br \/><span style=\"color: #001248;\"><em>Actes de la recherche<\/em> also deserves to be well known because it was so unique. It\u2019s difficult to find a true equivalent elsewhere, in other countries. The journal became famous in France because of its ubiquitous usage of images, unprecedented in social science journals. More generally, it tried to invent new ways to present research: interviews and annotated documents, programmatic notes, publishing work in progress, interviews with researchers on current affairs, more classic scientific articles\u2026 The journal tried to liberate itself from the constraints that researchers habitually impose on themselves in scientific journals. Another defining feature: while still committed to a high level of scientific rigor, the journal also wanted to reach a readership outside the university who were nonetheless interested in social sciences. In publishing issues often focused on a single theme, it innovated new forms of collaborative work. Also inventive was the way it approached the imperative to construct an object of study through the melding of complementary approaches \u2014 taking into account their disciplinary origins (sociology, history, anthropology, linguistics\u2026), the methods used, and even the countries studied. <\/span><br \/><span style=\"color: #001248;\">The objective of this issue is to make this original undertaking led by Bourdieu, which doesn\u2019t yet enjoy the recognition it merits outside the French academy, better known. A thematic dossier contains the introduction to the first issue of <em>Actes de la recherche<\/em>, a presentation of the journal by Lo\u00efc Wacquant, an article on its use of images by Franz Schultheis, Charlotte H\u00fcser, and Lilli Kim Schreiber, two international perspectives from Yves Gingras and Gustavo Sor\u00e1, as well as a review of the journal\u2019s latest issue by Annick Prieur.<\/span><br \/><span style=\"color: #001248;\">This issue also contains regular sections. In \u201cRecent Books,\u201d Anna Boschetti reviews Christophe Charle\u2019s book, <em>L\u2019Europe des intellectuels<\/em>. The \u201cEvents\u201d section reports back on three recent events held in Toulouse, Vienna and Stockholm.<br \/>In preparation for a forthcoming issue of <i>Practical Sense<\/i> focused on the theme of reflexivity, this issue includes a call for proposals. We welcome short articles, interviews, notes, and reading suggestions related to this theme. <br \/><\/span><\/p>\n<p><span style=\"color: #001248;\"><\/span><\/p>\n<p class=\"has-text-align-right\" style=\"text-align: right;\"><em><span style=\"color: #001248;\">The editorial team<\/span><\/em><\/p>\n<p><span style=\"color: #001248;\"><\/span><\/p>\n<p><span style=\"color: #001248;\"><\/span><\/p>\t\t\t\t\t\t\t\t<\/div>\n\t\t\t\t<\/div>\n\t\t\t\t\t<\/div>\n\t\t\t\t<\/div>\n\t\t\t\t<\/div>\n\t\t","protected":false},"excerpt":{"rendered":"<p>The third issue of Practical Sense arrives on the occasion of the 50th anniversary of Actes de la recherche en sciences sociales.Non-Francophone readers now have access, by way of translation, [&hellip;]<\/p>\n","protected":false},"author":1,"featured_media":0,"parent":0,"menu_order":0,"comment_status":"closed","ping_status":"closed","template":"","meta":{"_EventAllDay":false,"_EventTimezone":"","_EventStartDate":"","_EventEndDate":"","_EventStartDateUTC":"","_EventEndDateUTC":"","_EventShowMap":false,"_EventShowMapLink":false,"_EventURL":"","_EventCost":"","_EventCostDescription":"","_EventCurrencySymbol":"","_EventCurrencyCode":"","_EventCurrencyPosition":"","_EventDateTimeSeparator":"","_EventTimeRangeSeparator":"","_EventOrganizerID":[],"_EventVenueID":[],"_OrganizerEmail":"","_OrganizerPhone":"","_OrganizerWebsite":"","_VenueAddress":"","_VenueCity":"","_VenueCountry":"","_VenueProvince":"","_VenueState":"","_VenueZip":"","_VenuePhone":"","_VenueURL":"","_VenueStateProvince":"","_VenueLat":"","_VenueLng":"","_VenueShowMap":false,"_VenueShowMapLink":false,"footnotes":""},"class_list":["post-1999","page","type-page","status-publish","hentry"],"_links":{"self":[{"href":"https:\/\/practicalsense.net\/index.php\/wp-json\/wp\/v2\/pages\/1999","targetHints":{"allow":["GET"]}}],"collection":[{"href":"https:\/\/practicalsense.net\/index.php\/wp-json\/wp\/v2\/pages"}],"about":[{"href":"https:\/\/practicalsense.net\/index.php\/wp-json\/wp\/v2\/types\/page"}],"author":[{"embeddable":true,"href":"https:\/\/practicalsense.net\/index.php\/wp-json\/wp\/v2\/users\/1"}],"replies":[{"embeddable":true,"href":"https:\/\/practicalsense.net\/index.php\/wp-json\/wp\/v2\/comments?post=1999"}],"version-history":[{"count":29,"href":"https:\/\/practicalsense.net\/index.php\/wp-json\/wp\/v2\/pages\/1999\/revisions"}],"predecessor-version":[{"id":2610,"href":"https:\/\/practicalsense.net\/index.php\/wp-json\/wp\/v2\/pages\/1999\/revisions\/2610"}],"wp:attachment":[{"href":"https:\/\/practicalsense.net\/index.php\/wp-json\/wp\/v2\/media?parent=1999"}],"curies":[{"name":"wp","href":"https:\/\/api.w.org\/{rel}","templated":true}]}}