{"id":2122,"date":"2025-11-26T09:32:36","date_gmt":"2025-11-26T08:32:36","guid":{"rendered":"https:\/\/practicalsense.net\/?page_id=2122"},"modified":"2025-12-04T10:53:41","modified_gmt":"2025-12-04T09:53:41","slug":"a-sociological-workshop-in-action-no-3","status":"publish","type":"page","link":"https:\/\/practicalsense.net\/index.php\/a-sociological-workshop-in-action-no-3\/","title":{"rendered":"A Sociological Workshop in Action"},"content":{"rendered":"\t\t<div data-elementor-type=\"wp-page\" data-elementor-id=\"2122\" class=\"elementor elementor-2122\">\n\t\t\t\t<div class=\"elementor-element elementor-element-efa83cf e-flex e-con-boxed e-con e-parent\" data-id=\"efa83cf\" data-element_type=\"container\">\n\t\t\t\t\t<div class=\"e-con-inner\">\n\t\t\t\t<div class=\"elementor-element elementor-element-a47aba2 elementor-widget elementor-widget-text-editor\" data-id=\"a47aba2\" data-element_type=\"widget\" data-widget_type=\"text-editor.default\">\n\t\t\t\t<div class=\"elementor-widget-container\">\n\t\t\t\t\t\t\t\t\t<div><p style=\"text-align: center;\"><em><span style=\"color: #9a3936;\">This text was first published in: <\/span><span style=\"color: #9a3936;\">Kritzman, L. D. (ed.) (2000) <\/span><\/em><span style=\"color: #9a3936;\">The Columbia History of Twentieth-Century French Thought<\/span><em><span style=\"color: #9a3936;\">. New York: Columbia University Press.<\/span><\/em><\/p><\/div><p class=\"has-text-align-center\" style=\"text-align: center;\"><span style=\"color: #001248;\"><strong>Lo\u00efc Wacquant<\/strong><\/span><\/p><p style=\"text-align: justify;\"><span style=\"color: #001248;\">Launched in 1975 with the blessing and support of Fernand Braudel, the director of the <em>Maison des sciences de l&#8217;homme<\/em> where it remained based for some twenty years, the journal <em>Actes de la recherche en sciences sociales<\/em> (hereafter ARSS) has established itself as one of the world&#8217;s premier social science publications, yet one that remains highly singular for its format, tone, and mission. It has fueled the development of a distinctive sociological perspective, inspired by the scientific and civic vision of Pierre Bourdieu, that both extends and breaks with the long lineage of the French school of sociology. It has fostered the internationalization of social science in a Parisian milieu whose predilection for intellectual autarky is beyond dispute. And it has sought to bring the most advanced products of social research to impinge on collective consciousness and public discussion in France and beyond.<\/span><br \/><span style=\"color: #001248;\">ARSS bears the unmistakable mark of its founder and editor-in-chief, sociologist Pierre Bourdieu, whose indefatigable stewardship has propelled the journal across three decades and whose prodigious scientific output has profoundly shaped its contents. But it is the result of the joint activity of a wide network of scholars anchored by the <em>Centre de sociologie europ\u00e9enne<\/em> of the <em>Coll\u00e8ge de France<\/em> and its foreign associates and affiliates, as testified by the diverse origins, styles, and theoretical inclinations of its contributors.<\/span><br \/><span style=\"color: #001248;\">Unlike Esprit or <em>Les Temps modernes<\/em>, ARSS is a <em>scientific<\/em> rather than an intellectual journal, so that methodological validity and empirical adequacy retain priority over literary elegance and political rectitude. In contrast with <em>L&#8217;homme<\/em> or <em>Annales: \u00e9conomies, soci\u00e9t\u00e9s, civilisations<\/em>, however, it is both doggedly transdisciplinary and attuned to current sociopolitical issues: the mouthpiece of an activist science of society whose audience is primarily but not exclusively composed of academics. Yet, contrary to<em> Le d\u00e9bat<\/em>, its ambition is not to echo but to question intellectual and political fashion, based on the notion that a self-critical social science can and must function as a \u201cpublic service\u201d by relentlessly challenging accepted ideas and established ways of thinking. Indeed, much as the <em>Ann\u00e9e sociologique<\/em> served as focal point of the scholarly exchanges and vehicle for the sublimated republicanism of the Durkheimian school earlier in the century, ARSS was designed as springboard for a transdisciplinary sociology marrying scientific rigor, methodological reflexivity, and sociopolitical pertinence.<\/span><br \/><span style=\"color: #001248;\">The longish and rather awkward title says it: <em>Actes de la recherche en sciences sociales<\/em> aims at exposing both sociological objects and the \u201cresearch acts\u201d necessary to bring them to light or, better, to construct them as such. For the implicit epistemological charter of the journal (rooted in the philosophy of the concept of Gaston Bachelard and Georges Canguilhem) stipulates that social facts are not given ready-made in reality: they must be conquered against ordinary perceptions and scholarly common sense. Bucking the normalization of social science reporting, which tends to hide the \u201cdirty work\u201d carried out in the sociological kitchen, ARSS \u201cmust not only demonstrate but also display.\u201d For the distinctive goal of this sociological laboratory-in-action is precisely \u201cto unmask the social forms and formalisms\u201d in which reality cloaks itself (untitled editorial introduction to the inaugural issue). Thus its infatuation with \u201ctransversal\u201d themes, cut out in counterintuitive ways that overturn accepted conceptions and typically elevate \u201clowly\u201d objects while lowering \u201clofty\u201d ones (it is not by happenstance that the very first article of the first issue dealt with \u201cThe Scientific Method and the Social Hierarchy of Objects\u201d).<\/span><br \/><span style=\"color: #001248;\">To achieve rigor and relevance without subservience to doctrinal precepts and to make sociology come alive to its readers, ARSS has multiplied formal experimentations and stylistic innovations. First it publishes not only standard scholarly articles but also shorter reviews, polemical pieces, reading notes, telling documents, and closely edited, self-reflexive, field or experiential accounts (see, e.g., Yvette Delsaut&#8217;s \u201cNotebooks for a Socioanalysis\u201d and Philippe Bourgois&#8217;s \u201cA Night in a Shooting Gallery,\u201d in the February 1986 and September 1992 issues). Second, the archetypal <em>Actes<\/em> article weaves text with photographs, fac-similes of exhibits, and excerpts of interviews or raw observational data in boxes and sidebars running alongside the text. It also plays with different fonts and types, and mixes direct and indirect styles, all in an effort to wed analytical precision with experiential acuity.<\/span><br \/><span style=\"color: #001248;\">The journal has actively sought to <em>denationalize social research<\/em> by opening a wide window onto foreign scholarship, connecting developments in gallic sociocultural inquiry to trends and breakthroughs abroad and vice-versa. Next to Annales, it is the most internationally-oriented social science periodical based in Paris. Indeed, the list of non-French authors published in ARSS reads like a veritable \u201cWho&#8217;s Who\u201d of world social science: Michael Baxandall and Howard Becker, Michael Burawoy and Aaron Cicourel, Nils Christie and Robert Darnton, Norbert Elias and Carlo Ginsburg, Johan Goudsblom and Eric Hobsbawm, J\u00fcrgen Kocka and William Labov, Wolf Lepenies and Eleanor Maccoby, Nancy Scheper-Hughes and Gerschom Sholem, Joan Scott and Carl Schorske, Amartya Sen and Theda Skocpol, Ivan Szelenyi and Jeno Sz\u00fccs, Raymond Williams, Paul Willis, and Viviana Zelizer. Many renowned French authors also saw print in the journal before they had earned international acclaim, from Maurice Agulhon and Jacques Bouveresse to Robert Linhart and Bruno Latour. Yet through the years ARSS has pursued a concerted policy of scouting and broadcasting the work of younger scholars, in tandem with little-known texts by classic authors (E.C. Hughes, Mauss, Goffman, Weber and Wittgenstein). Alongside with foreigners and younger researchers, ARSS has also published more women than most if not all social science journals of comparable stature and reach.<\/span><br \/><span style=\"color: #001248;\">While ceding nothing to political fads and newsy items, the journal strives to keep a pulse on society and to <em>contribute to ongoing sociopolitical debates<\/em> from a rigorous scientific standpoint. It thereby pursues the civic mission of social science: to strive for autonomy, yet to reinject the knowledge made possible by such autonomy into the public sphere (Bourdieu, 1989). For example, in the fall of 1980, as Soviet tanks were rolling towards Kabul, ARSS featured an issue entitled: \u201cAnd What About Afghanistan?\u201d In 1988, on the eve of the presidential face-off between Mitterrand and Chirac, a series of articles by leading politologists, sociologists, and legal scholars took to \u201cRethinking the political.\u201d In the early nineties, new forms of social inequality and marginality surged which eluded traditional instruments of collective voice. In response, ARSS published a series of biographically-based studies depicting the social roots and implications of such \u201csocial suffering\u201d (these studies were later expanded into the best-selling, thousand-page, socioanalysis of contemporary France entitled La Mis\u00e8re du monde, (Bourdieu (ed.), 1993)). Coming on the heels of the massive December 1995 street demonstrations against social insecurity, the November 1996 issue on \u201cNew Forms of Domination at Work\u201d featured an organizational analysis of overwork in the trucking industry just when truck drivers were paralyzing the country with roadblocks. In 1997, as the debate around \u201cglobalization\u201d and its ills mounted, the journal gathered a set of in-depth, international, inquiries into \u201cEconomists and the Economy.\u201d<\/span><br \/><span style=\"color: #001248;\">Under another angle, ARSS may be characterized by its privileged objects and recurrent themes. Chief among them is the economy of cultural goods. Literature and popular imagery, painting and publishing, music and museums, fashion and taste, religion and schooling, myth and science (as well as their intersection, scientific myths, beliefs, and rites): the production, circulation, and consumption of these goods obey peculiar laws that are best uncovered via comparative and analogical analysis in a variety of settings. A second favorite subject-matter is the logic of <em>social classification and the fabrication of social collectives.<\/em> Studies in the making (or unmaking) of class, gender, ethnicity, age, region, nation, and empire converge to show that alternate principles of social vision and division constitute tools and stakes in the symbolic struggles whereby social reality is at once endowed with facticity and revealed as a brittle edifice. This concern for deconstructing ready-made social entities extends to such familiar \u201ccontainers\u201d of social life as the family, the firm, the party, and the state. The correlative concern to document the social necessity at work behind extreme social realities encompasses such seemingly exotic institutions as folk singing, soccer, concentration camps, and the ghetto.<\/span><br \/><span style=\"color: #001248;\">A third thematic node centers on social strategies of <em>domination, distinction<\/em>, and <em>reproduction:<\/em> among them figure studies of households, schooling and consumption, work and labor, the bases and effects of public policy, the intersection of economy and morality, and the role of politics and the law. Last but not least, ARSS has continually scrutinized <em>intellectual practices<\/em>, <em>predicaments, and powers<\/em>. Such thematic issues as \u201cThe Categories of Professorial Understanding,\u201d \u201cScience and Current Affairs,\u201d \u201cResearch on Research,\u201d \u201cThe Social History of the Social Sciences,\u201d and \u201cThe Cunning of Imperialist Reason\u201d (September 1975, February 1986, September 1988, June and September 1995, and February 1998) attest to the need to put scholars under their own microscope in order to uncover \u2013 and hopefully better control \u2013 the social determinants of social thought. Among classic articles on the sociology of intellectuals, one may single out Pierre Bourdieu\u2019s \u201cPolitical Ontology of Martin Heidegger,\u201d Michael Pollak\u2019s \u201cPaul Lazarsfeld, Founder of a Scientific Multinational,\u201d Roland Lardinois\u2019s \u201cLouis Dumont and Native Science,\u201d Gis\u00e8le Sapiro\u2019s dissection of Fran\u00e7ois Mauriac\u2019s literary trajectory, and Louis Pinto\u2019s incisive pieces on the \u201cparodic intellectuals\u201d of <em>Tel Quel<\/em> and related Parisian coteries (November 1975, February 1979, June 1995, February 1996).<\/span><br \/><span style=\"color: #001248;\">All told, the driving impulse behind the varied investigations published in ARSS is to denaturalize social categories, facts, and institutions, while providing the means to recapitulate and assess the different steps of the demonstration at hand. This formula has proven appealing: with a regular readership approaching ten thousand, ARSS enjoys a broad public extending well beyond academia (there are only about a thousand sociologists in France). The latter includes not only researchers but schoolteachers and university students, social workers and activists, cultural intermediaries as well as other educated strata interested in social inquiry and questions (several issues have sold upwards of 20,000 copies). With \u201csister journals\u201d in Sweden, Japan, and Brazil that reprint key articles in translation, its international audience reaches far outside of the French-speaking ambit. Since 1989, ARSS has been flanked by a supplement, Liber: revue internationale des livres, published simultaneously in nine European countries and languages, whose aim is to further circumvent national strictures and accelerate the continental circulation of innovative and engaged works in the arts, humanities, and social sciences.<\/span><br \/><span style=\"color: #001248;\"><em>Actes de la recherche en sciences sociales<\/em> remains a largely artisanal operation, with a small staff and limited institutional support, quite disproportionate with its national impact and international following. Success inevitably tends to dilute the original formula that yielded it; as the pool of both authors and readers expands, the distinctive scientific and civic spirit of the journal becomes harder to sustain. ARSS can be expected to evolve in response to shifting intellectual currents and constraints while remaining true to its initial vocation: to promote rigorous, transdisciplinary, social science from around the globe that fuses research and theory while remaining alert to the political and ethical implications of social inquiry. In so doing, it renews the scientific militancy and internationalism of the French school of sociology. And, as with Durkheim and the <em>Ann\u00e9e sociologique<\/em>, its biggest challenge will be to survive the eventual passing of the scholarly generation that created and nurtured it. Reading <em>Actes de la recherche en sciences sociales<\/em> in years to come thus promises to offer an intriguing experiment in the routinization of intellectual charisma.<\/span><\/p>\t\t\t\t\t\t\t\t<\/div>\n\t\t\t\t<\/div>\n\t\t\t\t\t<\/div>\n\t\t\t\t<\/div>\n\t\t<div class=\"elementor-element elementor-element-f116887 e-flex e-con-boxed e-con e-parent\" data-id=\"f116887\" data-element_type=\"container\">\n\t\t\t\t\t<div class=\"e-con-inner\">\n\t\t\t\t<div class=\"elementor-element elementor-element-e9fb74e elementor-widget elementor-widget-text-editor\" data-id=\"e9fb74e\" data-element_type=\"widget\" data-widget_type=\"text-editor.default\">\n\t\t\t\t<div class=\"elementor-widget-container\">\n\t\t\t\t\t\t\t\t\t<p style=\"caret-color: #000000; color: #000000;\"><span style=\"color: #9a3936;\"><strong>References<\/strong><\/span><\/p><ul><li style=\"text-align: justify;\"><span style=\"color: #001248;\">(1990) <em>Actes de la recherche en sciences sociales<\/em>, Special anniversary issue, 100.<\/span><\/li><li style=\"text-align: justify;\"><span style=\"color: #001248;\">Bourdieu, P. (1989) \u201cThe corporatism of the Universal: The Role of Intellectuals in the Modern World\u201d, <em>Telos<\/em>, 81, pp. 99-110.<\/span><\/li><li style=\"text-align: justify;\"><span style=\"color: #001248;\">Bourdieu, P. (ed.) (1993) <em>La Mis\u00e8re du monde<\/em>. Paris: Seuil. English translation: (1999) <em>The Weight of the World. Social Suffering in Contemporary Society<\/em>. Cambridge: Polity Press.<\/span><\/li><\/ul>\t\t\t\t\t\t\t\t<\/div>\n\t\t\t\t<\/div>\n\t\t\t\t\t<\/div>\n\t\t\t\t<\/div>\n\t\t\t\t<\/div>\n\t\t","protected":false},"excerpt":{"rendered":"<p>This text was first published in: Kritzman, L. D. (ed.) (2000) The Columbia History of Twentieth-Century French Thought. New York: Columbia University Press. Lo\u00efc Wacquant Launched in 1975 with the [&hellip;]<\/p>\n","protected":false},"author":1,"featured_media":0,"parent":0,"menu_order":0,"comment_status":"closed","ping_status":"closed","template":"","meta":{"_EventAllDay":false,"_EventTimezone":"","_EventStartDate":"","_EventEndDate":"","_EventStartDateUTC":"","_EventEndDateUTC":"","_EventShowMap":false,"_EventShowMapLink":false,"_EventURL":"","_EventCost":"","_EventCostDescription":"","_EventCurrencySymbol":"","_EventCurrencyCode":"","_EventCurrencyPosition":"","_EventDateTimeSeparator":"","_EventTimeRangeSeparator":"","_EventOrganizerID":[],"_EventVenueID":[],"_OrganizerEmail":"","_OrganizerPhone":"","_OrganizerWebsite":"","_VenueAddress":"","_VenueCity":"","_VenueCountry":"","_VenueProvince":"","_VenueState":"","_VenueZip":"","_VenuePhone":"","_VenueURL":"","_VenueStateProvince":"","_VenueLat":"","_VenueLng":"","_VenueShowMap":false,"_VenueShowMapLink":false,"footnotes":""},"class_list":["post-2122","page","type-page","status-publish","hentry"],"_links":{"self":[{"href":"https:\/\/practicalsense.net\/index.php\/wp-json\/wp\/v2\/pages\/2122","targetHints":{"allow":["GET"]}}],"collection":[{"href":"https:\/\/practicalsense.net\/index.php\/wp-json\/wp\/v2\/pages"}],"about":[{"href":"https:\/\/practicalsense.net\/index.php\/wp-json\/wp\/v2\/types\/page"}],"author":[{"embeddable":true,"href":"https:\/\/practicalsense.net\/index.php\/wp-json\/wp\/v2\/users\/1"}],"replies":[{"embeddable":true,"href":"https:\/\/practicalsense.net\/index.php\/wp-json\/wp\/v2\/comments?post=2122"}],"version-history":[{"count":13,"href":"https:\/\/practicalsense.net\/index.php\/wp-json\/wp\/v2\/pages\/2122\/revisions"}],"predecessor-version":[{"id":2639,"href":"https:\/\/practicalsense.net\/index.php\/wp-json\/wp\/v2\/pages\/2122\/revisions\/2639"}],"wp:attachment":[{"href":"https:\/\/practicalsense.net\/index.php\/wp-json\/wp\/v2\/media?parent=2122"}],"curies":[{"name":"wp","href":"https:\/\/api.w.org\/{rel}","templated":true}]}}