{"id":2144,"date":"2025-11-26T10:24:48","date_gmt":"2025-11-26T09:24:48","guid":{"rendered":"https:\/\/practicalsense.net\/?page_id=2144"},"modified":"2025-12-04T11:43:33","modified_gmt":"2025-12-04T10:43:33","slug":"how-actes-liberated-researchers-from-the-straitjacket-of-academic-journals-no-3","status":"publish","type":"page","link":"https:\/\/practicalsense.net\/index.php\/how-actes-liberated-researchers-from-the-straitjacket-of-academic-journals-no-3\/","title":{"rendered":""},"content":{"rendered":"\t\t<div data-elementor-type=\"wp-page\" data-elementor-id=\"2144\" class=\"elementor elementor-2144\">\n\t\t\t\t<div class=\"elementor-element elementor-element-8ed6d22 e-flex e-con-boxed e-con e-parent\" data-id=\"8ed6d22\" data-element_type=\"container\">\n\t\t\t\t\t<div class=\"e-con-inner\">\n\t\t\t\t<div class=\"elementor-element elementor-element-c5ef0c0 elementor-widget elementor-widget-text-editor\" data-id=\"c5ef0c0\" data-element_type=\"widget\" data-widget_type=\"text-editor.default\">\n\t\t\t\t<div class=\"elementor-widget-container\">\n\t\t\t\t\t\t\t\t\t<div><h1 style=\"text-align: center;\"><span style=\"color: #9a3936;\">How <em>Actes<\/em> Liberated Researchers<\/span><\/h1><h1 style=\"text-align: center;\"><span style=\"color: #9a3936;\">From the Straitjacket of Academic Journals<\/span><\/h1><\/div>\t\t\t\t\t\t\t\t<\/div>\n\t\t\t\t<\/div>\n\t\t\t\t\t<\/div>\n\t\t\t\t<\/div>\n\t\t<div class=\"elementor-element elementor-element-fdff58b e-flex e-con-boxed e-con e-parent\" data-id=\"fdff58b\" data-element_type=\"container\">\n\t\t\t\t\t<div class=\"e-con-inner\">\n\t\t\t\t<div class=\"elementor-element elementor-element-83977c2 elementor-widget elementor-widget-text-editor\" data-id=\"83977c2\" data-element_type=\"widget\" data-widget_type=\"text-editor.default\">\n\t\t\t\t<div class=\"elementor-widget-container\">\n\t\t\t\t\t\t\t\t\t<div><h1 style=\"text-align: center;\"><strong style=\"color: #001248; font-size: 16px;\">Yves Gingras<\/strong><\/h1><\/div><p style=\"font-weight: 400; text-align: justify;\"><span style=\"color: #001248;\">I cannot really remember when I first discovered and consulted <em>Actes de la recherche en sciences sociales<\/em>. I just know for sure that I discovered Bourdieu through his 1972 paper in <em>L\u2019Ann\u00e9e sociologique<\/em> titled \u201cLe march\u00e9 des biens symboliques\u201d that we had to read in a PhD seminar when I was a student in 1979-1980. Browsing <em>Actes<\/em> must have followed suit.<\/span><\/p><p style=\"font-weight: 400; text-align: justify;\"><span style=\"color: #001248;\">My first contact with Bourdieu himself was in 1983 when, still a PhD student, I sent him a brief paper I had published in the magazine <em>La Recherche<\/em> (January 1983, n<sup>o<\/sup> 140, p. 112-113) sketching a sociology of the differences between the French and American academic book markets. I presented Bourdieu\u2019s book collection <em>Le sens commun<\/em>, as an exception in France with its very detailed index of concepts at the end of each book. Typically, French books and French translations of English academic books were often without any index that the original English edition had included even though they are essential for their use as research tools. By contrast, English translations of French academic books, like those of Foucault that I took as an example, usually added such an index of notions, thus making the English version easier to search than the original French.<\/span><\/p><p style=\"font-weight: 400; text-align: justify;\"><span style=\"color: #001248;\">To my surprise, I did receive an answer from Bourdieu telling me \u2013 in his hard to read handwriting \u2013 that he liked the analysis, all the more so when one knows, he said, that the many hours invested in crafting these indexes, are destined to be overlooked. He concluded by telling me to send him any of my future work! Which I did\u2026<\/span><\/p><p style=\"font-weight: 400; text-align: justify;\"><span style=\"font-weight: 400; color: #001248;\">My research interest being focused on the sociology of science, I was struck by the fact that <em>Actes<\/em> only devoted its first thematic issue to science and scientific research in 1988 (n<sup>o<\/sup> 74), though Bourdieu had published his paper on the scientific field in 1975 in the Qu\u00e9bec sociology journal <em>Sociologie et soci\u00e9t\u00e9s<\/em>, as part of a thematic issue titled \u201cScience et structure sociale.\u201d Conscious of the originality of his analysis and of the fact that the Qu\u00e9bec journal was not easily accessible and thus visible in France, Bourdieu republished it in <em>Actes<\/em> in 1976 and also in English in the journal <em>Social Science Information<\/em>, in order to maximize its visibility. The 1988 thematic issue of <em>Actes<\/em> on <em>Recherches sur la recherche<\/em>contained my first contribution to the journal in a joint paper I did on the evaluation of university professors with Marcel Fournier (who had been my PhD advisor) and his student Creutzer Mathurin. Having since published many papers in <em>Actes<\/em>, I experienced first-hand the specificity and originality of the journal. <\/span><\/p><p style=\"font-weight: 400; text-align: justify;\"><span style=\"color: #001248;\"><strong>The Specificity and Originality of <em>Actes <\/em><\/strong><\/span><\/p><p style=\"font-weight: 400; text-align: justify;\"><span style=\"color: #001248;\">I think that the most important aspect of the uniqueness of <em>Actes<\/em> in the field of scientific journals is linked to its large physical format which liberates the authors from the straitjacket that most academic journals impose on authors as if they were convinced that only written texts are needed to make a cogent argument. Their format is thus ill-suited to images and non-classical presentation of data. The very choice of the word <em>\u201cActes\u201d<\/em> also aimed at reflecting the active construction of research results, making visible not only the theoretical analysis and interpretations embedded in sentences but also the data themselves through excerpts of interviews, archival documents and images. Also liberating is the fact that <em>Actes<\/em> is not obsessed with the so-called \u201cmethodology\u201d section whose inflationary description in many journals simply hides the absence of a well-defined theoretical basis.<\/span><\/p><p style=\"font-weight: 400; text-align: justify;\"><span style=\"color: #001248;\">I think the best example of the contrast between what can be done in <em>Actes<\/em> and in journals and books of conventional format is provided by Bourdieu\u2019s work on Heidegger. In order to make plain that philosophers are not living in the world of ideas but have a body that incorporates a social trajectory which also formed a singular habitus, the paper on <em>L\u2019ontologie politique de Martin Heidegger<\/em>, published in <em>Actes<\/em> in 1975, contained many photos of Heidegger which make visible his social origins through his clothes and sport habits. Republished as a book under the same title in 1988, but in the traditional format, it did not include these representations of Heidegger, and I think the book lost a part of its convincing argumentative power, making the notion of habitus more abstract with the absence of Heidegger\u2019s particular embodiment fixed by the photographs used in the original paper. We can realize the extent of the mutilation of an analysis by the exclusion of the images, by reading the pdf version of that paper now on the website Pers\u00e9e where the images (on p. 125-127,148-149) are absent. For technical reasons, independent of Pers\u00e9e and related to permissions to reproduce images under copyright, they had to be replaced by the note \u201cillustration non autoris\u00e9e \u00e0 la diffusion.\u201d<\/span><\/p><p style=\"font-weight: 400; text-align: justify;\"><span style=\"color: #001248;\">A more personal example of the freedom left to authors to even use a bit of irony in their analysis is provided by a paper I wrote in English in 1995 following the usual canon of a typical paper in the standard academic format. That same year, Bourdieu asked me to prepare a French version of that paper for <em>Actes <\/em>(June 1995, n<sup>o<\/sup> 108). I used that opportunity to add three inserts presenting long citations from the English sources I analyzed. One was titled \u201cUne sociologie\u2026 non sociologique\u201d and presented three citations taken from papers published by Michel Callon and John Law that clearly illustrated their curious conception of sociology. The second presented a long citation taken from Bruno Latour\u2019s paper \u201cThe politics of explanation,\u201d which I titled \u201cTout est dans tout\u201d. The third extract was from the same paper of Latour and I titled it \u201cExpliquer\u2026 sans expliquer.\u201d One can consider that the English version of my paper presented a convincing analysis of the logical and conceptual problems present in the constructivist sociology of science then promoted by Law, Callon and Latour, but I believe the French version, by showing long extracts of the original texts in English from these authors, provide a much stronger demonstration by the very \u201cmonstration\u201d of their arguments. One could then hardly use the classic defense of being \u201ccited out of context.\u201d<\/span><\/p><p style=\"font-weight: 400; text-align: justify;\"><span style=\"color: #001248;\">I also had the chance to experiment with this freedom while preparing two issues of <em>Actes<\/em> with Bourdieu and Eric Brian during my stay at EHESS in 2000. The first was titled <em>\u201cScience\u201d<\/em> and came out in March 2002 as a double issue (n<sup>o<\/sup> 141-142). The second thematic issue was titled \u201cEntreprises acad\u00e9miques\u201d and came out in June 2003 (n<sup>o<\/sup> 148). In presenting the evolution of \u201cid\u00e9es d\u2019universit\u00e9s\u201d I could add long excerpts from important documents from Condorcet, Humboldt and Newman, which embody three very different conceptions of universities. Again, in the absence of such lengthy quotes, the analysis would have been abstract.<\/span><\/p><p style=\"font-weight: 400; text-align: justify;\"><span style=\"color: #001248;\">In a long analysis of the specific forms of the internationality of the scientific fields, published in the <em>Science<\/em> issue, I included a photo of scientists marching in the streets to defend research funding. Titled \u201cLes travailleurs de la preuve\u201d \u2013 an expression used by Bachelard \u2013 the photo showed a rare public manifestation of scientists using the classical form of demonstration with banderoles usually used by workers on strike. Such illustrations replace many words and are visibly revealing the changing status of scientists in a time of the massification of research and big science. Note again that the pdf version in Pers\u00e9e has not reproduced the image for the reasons already mentioned. I also included in that paper a large network analysis that would have been barely legible in the usual much smaller format of sociology journals. Finally, that paper having been published three years before the creation of the French Agence Nationale de la recherche (ANR) \u2013 which forces scientists to compete to get money for their research and thus learn how to write a convincing proposal \u2013 I added an insert titled \u201cComment obtenir un contrat de Bruxelles,\u201d which exemplified a manner of asking\u00a0 research money that was standard in England and North America, and would become so in France after the creation of ANR in 2005. Such an insert was at the same time ironic and realistic.<\/span><\/p><p style=\"font-weight: 400; text-align: justify;\"><span style=\"color: #001248;\">In conclusion, there is no doubt that the creation of <em>Actes<\/em> in 1975 was an event in the field of social sciences and that it was perceived as liberating from the straitjacket of a fixed order of presentation often summarized under the headings of \u201cmethod,\u201d \u201cresults,\u201d \u201canalysis,\u201d copied without reflexivity on the so-called \u201cexact\u201d sciences. Over the last fifty years, <em>Actes<\/em> has clearly shown that combining texts, images and documents contributes to the robustness of the analyses while making scientific writing and reading more enjoyable without jeopardizing scientific rigor.<\/span><\/p>\t\t\t\t\t\t\t\t<\/div>\n\t\t\t\t<\/div>\n\t\t\t\t\t<\/div>\n\t\t\t\t<\/div>\n\t\t\t\t<\/div>\n\t\t","protected":false},"excerpt":{"rendered":"<p>How Actes Liberated Researchers From the Straitjacket of Academic Journals Yves Gingras I cannot really remember when I first discovered and consulted Actes de la recherche en sciences sociales. I [&hellip;]<\/p>\n","protected":false},"author":1,"featured_media":0,"parent":0,"menu_order":0,"comment_status":"closed","ping_status":"closed","template":"","meta":{"_EventAllDay":false,"_EventTimezone":"","_EventStartDate":"","_EventEndDate":"","_EventStartDateUTC":"","_EventEndDateUTC":"","_EventShowMap":false,"_EventShowMapLink":false,"_EventURL":"","_EventCost":"","_EventCostDescription":"","_EventCurrencySymbol":"","_EventCurrencyCode":"","_EventCurrencyPosition":"","_EventDateTimeSeparator":"","_EventTimeRangeSeparator":"","_EventOrganizerID":[],"_EventVenueID":[],"_OrganizerEmail":"","_OrganizerPhone":"","_OrganizerWebsite":"","_VenueAddress":"","_VenueCity":"","_VenueCountry":"","_VenueProvince":"","_VenueState":"","_VenueZip":"","_VenuePhone":"","_VenueURL":"","_VenueStateProvince":"","_VenueLat":"","_VenueLng":"","_VenueShowMap":false,"_VenueShowMapLink":false,"footnotes":""},"class_list":["post-2144","page","type-page","status-publish","hentry"],"_links":{"self":[{"href":"https:\/\/practicalsense.net\/index.php\/wp-json\/wp\/v2\/pages\/2144","targetHints":{"allow":["GET"]}}],"collection":[{"href":"https:\/\/practicalsense.net\/index.php\/wp-json\/wp\/v2\/pages"}],"about":[{"href":"https:\/\/practicalsense.net\/index.php\/wp-json\/wp\/v2\/types\/page"}],"author":[{"embeddable":true,"href":"https:\/\/practicalsense.net\/index.php\/wp-json\/wp\/v2\/users\/1"}],"replies":[{"embeddable":true,"href":"https:\/\/practicalsense.net\/index.php\/wp-json\/wp\/v2\/comments?post=2144"}],"version-history":[{"count":36,"href":"https:\/\/practicalsense.net\/index.php\/wp-json\/wp\/v2\/pages\/2144\/revisions"}],"predecessor-version":[{"id":2674,"href":"https:\/\/practicalsense.net\/index.php\/wp-json\/wp\/v2\/pages\/2144\/revisions\/2674"}],"wp:attachment":[{"href":"https:\/\/practicalsense.net\/index.php\/wp-json\/wp\/v2\/media?parent=2144"}],"curies":[{"name":"wp","href":"https:\/\/api.w.org\/{rel}","templated":true}]}}