{"id":679,"date":"2025-04-02T10:26:26","date_gmt":"2025-04-02T08:26:26","guid":{"rendered":"https:\/\/practicalsense.net\/?page_id=679"},"modified":"2025-12-04T11:11:13","modified_gmt":"2025-12-04T10:11:13","slug":"2-html-a-graphic-novel-on-pierre-bourdieus-algeria","status":"publish","type":"page","link":"https:\/\/practicalsense.net\/index.php\/issue-no-1\/2-html-a-graphic-novel-on-pierre-bourdieus-algeria\/","title":{"rendered":"A Graphic Novel on Pierre Bourdieu&#8217;s Algeria"},"content":{"rendered":"\t\t<div data-elementor-type=\"wp-page\" data-elementor-id=\"679\" class=\"elementor elementor-679\">\n\t\t\t\t<div class=\"elementor-element elementor-element-66bd91c e-flex e-con-boxed e-con e-parent\" data-id=\"66bd91c\" data-element_type=\"container\">\n\t\t\t\t\t<div class=\"e-con-inner\">\n\t\t\t\t<div class=\"elementor-element elementor-element-9f8eda7 elementor-widget elementor-widget-text-editor\" data-id=\"9f8eda7\" data-element_type=\"widget\" data-widget_type=\"text-editor.default\">\n\t\t\t\t<div class=\"elementor-widget-container\">\n\t\t\t\t\t\t\t\t\t<p class=\"has-text-align-center\" style=\"text-align: center;\"><strong><span style=\"color: #001248;\">Pascal G\u00e9not<\/span><\/strong><\/p>\n<p class=\"has-text-align-left\" style=\"text-align: justify;\"><span style=\"color: #001248;\"><em>Bourdieu. Une enqu\u00eate alg\u00e9rienne<\/em> by Pascal G\u00e9not and Olivier Thomas (2023) is a graphic novel about Pierre Bourdieu&#8217;s Algeria. Pascal G\u00e9not, a screenwriter who holds a PhD in information and communication sciences, discusses the creation of this book.<\/span><\/p>\t\t\t\t\t\t\t\t<\/div>\n\t\t\t\t<\/div>\n\t\t\t\t\t<\/div>\n\t\t\t\t<\/div>\n\t\t<div class=\"elementor-element elementor-element-ca51937 e-flex e-con-boxed e-con e-parent\" data-id=\"ca51937\" data-element_type=\"container\">\n\t\t\t\t\t<div class=\"e-con-inner\">\n\t\t<div class=\"elementor-element elementor-element-dea8e9e e-con-full e-flex e-con e-child\" data-id=\"dea8e9e\" data-element_type=\"container\">\n\t\t\t\t<div class=\"elementor-element elementor-element-d8cf836 elementor-widget elementor-widget-image\" data-id=\"d8cf836\" data-element_type=\"widget\" data-widget_type=\"image.default\">\n\t\t\t\t<div class=\"elementor-widget-container\">\n\t\t\t\t\t\t\t\t\t\t\t\t<figure class=\"wp-caption\">\n\t\t\t\t\t\t\t\t\t\t<img fetchpriority=\"high\" decoding=\"async\" width=\"720\" height=\"1024\" src=\"https:\/\/practicalsense.net\/wp-content\/uploads\/2025\/02\/BOURDIEU-C1-OK_page-0001-720x1024.jpg\" class=\"attachment-large size-large wp-image-742\" alt=\"\" srcset=\"https:\/\/practicalsense.net\/wp-content\/uploads\/2025\/02\/BOURDIEU-C1-OK_page-0001-720x1024.jpg 720w, https:\/\/practicalsense.net\/wp-content\/uploads\/2025\/02\/BOURDIEU-C1-OK_page-0001-211x300.jpg 211w, https:\/\/practicalsense.net\/wp-content\/uploads\/2025\/02\/BOURDIEU-C1-OK_page-0001-768x1092.jpg 768w, https:\/\/practicalsense.net\/wp-content\/uploads\/2025\/02\/BOURDIEU-C1-OK_page-0001-1081x1536.jpg 1081w, https:\/\/practicalsense.net\/wp-content\/uploads\/2025\/02\/BOURDIEU-C1-OK_page-0001-1441x2048.jpg 1441w, https:\/\/practicalsense.net\/wp-content\/uploads\/2025\/02\/BOURDIEU-C1-OK_page-0001-scaled.jpg 1801w\" sizes=\"(max-width: 720px) 100vw, 720px\" \/>\t\t\t\t\t\t\t\t\t\t\t<figcaption class=\"widget-image-caption wp-caption-text\">Bourdieu. Une enqu\u00eate alg\u00e9rienne, Pascal G\u00e9not and Olivier Thomas. Steinkis, 2023. All rights reserved.<\/figcaption>\n\t\t\t\t\t\t\t\t\t\t<\/figure>\n\t\t\t\t\t\t\t\t\t<\/div>\n\t\t\t\t<\/div>\n\t\t\t\t<\/div>\n\t\t\t\t\t<\/div>\n\t\t\t\t<\/div>\n\t\t<div class=\"elementor-element elementor-element-5b799266 e-flex e-con-boxed e-con e-parent\" data-id=\"5b799266\" data-element_type=\"container\">\n\t\t\t\t\t<div class=\"e-con-inner\">\n\t\t\t\t<div class=\"elementor-element elementor-element-33e66796 elementor-widget elementor-widget-text-editor\" data-id=\"33e66796\" data-element_type=\"widget\" data-widget_type=\"text-editor.default\">\n\t\t\t\t<div class=\"elementor-widget-container\">\n\t\t\t\t\t\t\t\t\t<p><span style=\"color: #001248;\"><\/span><\/p>\n<p class=\"has-text-align-left\" style=\"text-align: justify;\"><span style=\"color: #001248;\"><strong>It All Started with an Image<\/strong><\/span><br \/><span style=\"color: #001248;\">Starting in 2011, I had the opportunity to teach screenwriting at the International Comic Strip Festival in Algiers. Around the same time, after working on two fiction graphic novels (2005-2008; 2014) with Olivier Thomas, an illustrator, and Bruno Pradelle, a colorist and screen\u2013writer, I wanted to move toward documentary work. The idea of a graphic novel about Bourdieu&#8217;s experience in Algeria from 1956 to 1960, during the colonial war \u2014 first as a soldier, then as a sociologist \u2014 came to me from a photo published in the proceedings of a colloquium on the writer Mouloud Feraoun (2010). This photo, taken in Algiers in 1958-1959, shows Feraoun and Bourdieu. At the time, Bourdieu was teaching sociology in Algiers. He had just completed his military service and published <em>Sociologie de l&#8217;Alg\u00e9rie<\/em> (1958). This image made me realize the significance of Algeria in his career. I was mostly familiar with Bourdieu&#8217;s sociology of culture and knew little about his work based on his Algerian field research. I read his articles compiled by Tassadit Yacine in <em>Esquisses alg\u00e9riennes<\/em> (Bourdieu, 2008), Enrique Martin-Criado&#8217;s critical essay <em>Les deux Alg\u00e9ries de Pierre Bourdieu<\/em> (2008), and <em>Images d&#8217;Alg\u00e9rie<\/em>, the catalog of the exhibition of Bourdieu&#8217;s photos at the <em>Institut du Monde Arabe<\/em> (2003). There was a fascinating subject here for a documentary graphic novel. Olivier Thomas, who viewed Bourdieu as a strong and endearing figure, a committed intellectual from a rural and modest background, was also interested in the project.<\/span><\/p>\n<p><span style=\"color: #001248;\"><\/span><\/p>\n<p class=\"has-text-align-left\" style=\"text-align: justify;\"><span style=\"color: #001248;\"><strong>Between Reportage and Historical Reenactment<\/strong><\/span><br \/><span style=\"color: #001248;\">I had in mind the work of Joe Sacco, a pioneer of reportage graphic novels. Footnotes in Gaza: A Graphic Novel (2009) served as my model. In this book, where he attempts to reconstruct a massacre committed in Gaza in 1956, Sacco incorporates elements of docu\u2013drama: a reportage on the site of the \u201cstory,\u201d interviews, archives, and the reenactment of the event. In film, reportage and reenactment do not follow the same process. \u201cDocumentary\u201d and \u201cfiction\u201d are semiotically \u201cframed\u201d separately. However, in a graphic novel, reportage and historical reenactment stem from a single process. Sacco does not distinguish graphically between reportage and reenactment, suggesting an equivalence in their relationship to reality. Both are \u201cfalse\u201d but aim to approach the same truth.<\/span><br \/><span style=\"color: #001248;\">For <em>Bourdieu. Une enqu\u00eate alg\u00e9rienne<\/em>, the goal was to be precise about what science allows us to say about Algerian society, the Algerian War, etc., while also engaging with the relationship between the graphic novel and reality. Like Sacco, I wanted to combine reportage and historical reenactment. For the reenactment scenes, the fictional techniques are clear, particularly in the alternation between a neutral narrative point of view and a focus on Bourdieu&#8217;s character. The reportage scenes, where I also appear as a character, are, of course, an artifice. But the semiotic framing \u201cindicates\u201d that what is narrated happened as it is told. The presence of the author-narrator as an investigator character places this part of the narrative within the framework of autobiography. Should I remain faithful to this framework? Or diverge from it?<\/span><\/p>\n<p><span style=\"color: #001248;\"><\/span><\/p>\n<p class=\"has-text-align-left\" style=\"text-align: justify;\"><span style=\"color: #001248;\"><strong>From Documentary Investigation to Finding a Publisher<\/strong><\/span><br \/><span style=\"color: #001248;\">In 2015, I conducted an investigation in Algeria. I wasn\u2019t looking for new facts about Bourdieu&#8217;s experiences \u2014 I relied on Am\u00edn P\u00e9rez&#8217;s thesis (2022). Instead, I was searching for documentary material: interviews with sociologists and witnesses, and photos of places where Bourdieu conducted research with Abdelmalek Sayad. I kept a journal because the investigation would form a thread for the script. I carried out this work with the help of a friend, Saadi Chikhi, who was my fixer and is represented as a character in the graphicnovel. A grant from the <em>Institut Fran\u00e7ais<\/em> covered half of this stay, and I funded the rest.<\/span><br \/><span style=\"color: #001248;\">At the same time, I read Bourdieu&#8217;s and Sayad\u2019s works on Algeria, books on the Algerian War, and articles, especially those by the sociologists I interviewed (Sa\u00efd Belguidoum, Kamel Chachoua,<\/span><br \/><span style=\"color: #001248;\">Nadji Safir, Rachid Sidi Boumedine, Tassadit Yacine\u2026). A central theme emerged: precarity. For Bourdieu, the precarity imposed on Algeria by colonialism echoed the precarity imposed later by neoliberalism. This theme gradually asserted itself in the script.<\/span><br \/><span style=\"color: #001248;\">In September 2015, I was hosted in residence by the <em>Agence alg\u00e9rienne pour le rayonnement culturel<\/em>. I wrote a synopsis and sequences that Olivier Thomas illustrated for the proposal to publishers. We first received a favorable response from a well-known publisher but were asked to remove the reportage element. It was Steinkis Editions that accepted the project as conceived. We also received a rejection from a major publishing group, who argued that there was \u201cno market space\u201d for this book. That turned out to be false. <em>Bourdieu. Une enqu\u00eate alg\u00e9rienne<\/em> has already been reprinted four times, exceeding 10,000<\/span><br \/><span style=\"color: #001248;\">copies. It is a commercial success. Publishers underestimated the fact that in France, there is a graphic novel readership, particularly among secondary and higher education teachers, who are also \u201cleft-wing\u201d and for whom Bourdieu matters.<\/span><\/p>\n<p><span style=\"color: #001248;\"><\/span><\/p>\t\t\t\t\t\t\t\t<\/div>\n\t\t\t\t<\/div>\n\t\t\t\t\t<\/div>\n\t\t\t\t<\/div>\n\t\t<div class=\"elementor-element elementor-element-66b6546 e-flex e-con-boxed e-con e-parent\" data-id=\"66b6546\" data-element_type=\"container\">\n\t\t\t\t\t<div class=\"e-con-inner\">\n\t\t\t\t<div class=\"elementor-element elementor-element-60a78d1 elementor-widget elementor-widget-image\" data-id=\"60a78d1\" data-element_type=\"widget\" data-widget_type=\"image.default\">\n\t\t\t\t<div class=\"elementor-widget-container\">\n\t\t\t\t\t\t\t\t\t\t\t\t<figure class=\"wp-caption\">\n\t\t\t\t\t\t\t\t\t\t<img decoding=\"async\" width=\"712\" height=\"1024\" src=\"https:\/\/practicalsense.net\/wp-content\/uploads\/2025\/02\/BOURDIEU-INT-P28_page-0001-712x1024.jpg\" class=\"attachment-large size-large wp-image-744\" alt=\"\" srcset=\"https:\/\/practicalsense.net\/wp-content\/uploads\/2025\/02\/BOURDIEU-INT-P28_page-0001-712x1024.jpg 712w, https:\/\/practicalsense.net\/wp-content\/uploads\/2025\/02\/BOURDIEU-INT-P28_page-0001-209x300.jpg 209w, https:\/\/practicalsense.net\/wp-content\/uploads\/2025\/02\/BOURDIEU-INT-P28_page-0001-768x1105.jpg 768w, https:\/\/practicalsense.net\/wp-content\/uploads\/2025\/02\/BOURDIEU-INT-P28_page-0001-1068x1536.jpg 1068w, https:\/\/practicalsense.net\/wp-content\/uploads\/2025\/02\/BOURDIEU-INT-P28_page-0001-1424x2048.jpg 1424w, https:\/\/practicalsense.net\/wp-content\/uploads\/2025\/02\/BOURDIEU-INT-P28_page-0001-scaled.jpg 1779w\" sizes=\"(max-width: 712px) 100vw, 712px\" \/>\t\t\t\t\t\t\t\t\t\t\t<figcaption class=\"widget-image-caption wp-caption-text\">Bourdieu. Une enqu\u00eate alg\u00e9rienne, Pascal G\u00e9not and Olivier Thomas. Steinkis, 2023. All rights reserved.\u2003<\/figcaption>\n\t\t\t\t\t\t\t\t\t\t<\/figure>\n\t\t\t\t\t\t\t\t\t<\/div>\n\t\t\t\t<\/div>\n\t\t\t\t\t<\/div>\n\t\t\t\t<\/div>\n\t\t<div class=\"elementor-element elementor-element-f4b6f91 e-flex e-con-boxed e-con e-parent\" data-id=\"f4b6f91\" data-element_type=\"container\">\n\t\t\t\t\t<div class=\"e-con-inner\">\n\t\t\t\t<div class=\"elementor-element elementor-element-b1dddd0 elementor-widget elementor-widget-text-editor\" data-id=\"b1dddd0\" data-element_type=\"widget\" data-widget_type=\"text-editor.default\">\n\t\t\t\t<div class=\"elementor-widget-container\">\n\t\t\t\t\t\t\t\t\t<p class=\"has-text-align-left\" style=\"text-align: justify;\"><span style=\"color: #001248;\"><strong>Writing and Drawing<\/strong><\/span><br \/><span style=\"color: #001248;\">The writing and drawing took five years because the economics of creating this book didn\u2019t allow us to make a living from it. We worked on it between other projects, during holidays\u2026 Even without that, the process would have been long, with many rewrites. It was essential that the content be both rich and accurate, and also accessible to a readership unfamiliar with the Algerian War, sociology, etc. The book is dense but relatively short considering the subjects covered. The result seems successful: I\u2019ve heard that some teachers recommend the book to students. However, I don\u2019t believe this graphic novel serves as an introduction to Bourdieu. I think it is less intimidating to approach \u201cBourdieu\u201d when you see him evolve as a character in a graphic novel. For the script, in addition to alternating between reportage and biopic, I played with correspondences within the narrative. Some sequences respond to each other formally, like the one where Bourdieu takes photos in Algiers and the one where I do the same today. Other correspondences are thematic: for instance, the theme of borders recurs regularly. The link between the narrative and reality is clarified by a dialogue where I explain that the narration of the investigation anonymizes people as in<\/span><br \/><span style=\"color: #001248;\">ethnography, and that I create fictional characters to represent ideal types. The reportage scenes are ultimately auto\u2013fictional. The goal was to present a narrative while explaining the conditions that made this narrative possible and to suggest a critical reflection on the very status of this narrative. This ties into the importance of reflexivity for Bourdieu. Olivier Thomas\u2019s drawing also found a balance with reality. It&#8217;s a \u201crealistic\u201d style, but in black and white with a \u201cloose\u201d line to speed up the process and avoid overloading the image with too many details. Olivier paid particular attention to the backgrounds to ensure they conveyed a \u201cliving\u201d image.<\/span><\/p>\n<p><span style=\"color: #001248;\"><!-- \/wp:paragraph --><!-- wp:paragraph {\"align\":\"left\"} --><\/span><\/p>\n<p class=\"has-text-align-left\" style=\"text-align: justify;\"><span style=\"color: #001248;\"><strong>A Reception Focused on Content<\/strong><\/span><br \/><span style=\"color: #001248;\">The reception of the book, at least in the press and through discussions with readers, made me realize that the subject of \u201cBourdieu\u201d and the \u201cdocumentary\u201d framework limited interpretation. The possibility of reading this graphic novel on multiple levels does not seem to align with the public&#8217;s expectations. Perhaps because documentary graphic novels are often viewed primarily as vehicles of information rather than artistic expressions. At a time when the social sciences are exploring graphic novels as \u201calternative writing,\u201d I fear that this approach may reach an impasse.<sup class=\"fn\" data-fn=\"263ccaa0-1cad-4a12-b3d2-9eea79470146\"><a id=\"263ccaa0-1cad-4a12-b3d2-9eea79470146-link\" style=\"color: #001248;\" href=\"#263ccaa0-1cad-4a12-b3d2-9eea79470146\">1<\/a><\/sup> If the goal is to disseminate knowledge to the widest audience, a successful graphic novel is still less effective than a video podcast. However, as a space for experimenting with representations of the world, graphic novels and social sciences can engage in dialogue. But this requires<\/span><br \/><span style=\"color: #001248;\">both artistic and scientific rigor. Therefore, it demands a creative economy that matches the stakes. Like science, graphic novels require time.<\/span><\/p>\n<p><span style=\"color: #001248;\"><!-- \/wp:paragraph --><!-- wp:separator --><\/span><\/p>\n<p>\u00a0<\/p>\n<p><span style=\"color: #9a3936;\"><strong>References<\/strong><\/span><\/p>\n<ul>\n<li class=\"has-text-align-left\" style=\"text-align: justify;\"><span style=\"color: #001248;\">Alam, T. and Bu\u00e9, N. (2023) \u201cUn tournant ethno-graphique ? Ce que fait la BD aux sciences sociales et vice-versa\u201d, communication at the &#8220;\u00c9critures alternatives en sciences humaines et sociales&#8221; meeting. Paris: Maison des Sciences de l&#8217;Homme.<\/span><\/li>\n<li class=\"has-text-align-left\" style=\"text-align: justify;\"><span style=\"color: #001248;\">Bourdieu, P. (1958) <em>Sociologie de l&#8217;Alg\u00e9rie<\/em>. Paris: Presses Universitaires de France.<\/span><\/li>\n<li class=\"has-text-align-left\" style=\"text-align: justify;\"><span style=\"color: #001248;\">Bourdieu, P. (2003) <em>Images d&#8217;Alg\u00e9rie. Une affinit\u00e9 \u00e9lective<\/em>. Arles\/Graz: Actes Sud\/Camera Austria.<\/span><\/li>\n<li class=\"has-text-align-left\" style=\"text-align: justify;\"><span style=\"color: #001248;\">Bourdieu, P. (2008), <em>Esquisses alg\u00e9riennes<\/em>. Paris: Seuil.<\/span><\/li>\n<li class=\"has-text-align-left\" style=\"text-align: justify;\"><span style=\"color: #001248;\">G\u00e9not, P., Pradelle, B. and Olivier, T. (2005-2008) <em>Sans piti\u00e9<\/em>. 3 volumes. Paris: Emmanuel Proust \u00c9ditions.<\/span><\/li>\n<li class=\"has-text-align-left\" style=\"text-align: justify;\"><span style=\"color: #001248;\">G\u00e9not, P., Pradelle, B. and Olivier, T. (2014) <em>Le Printemps des quais<\/em>. Paris: Delcourt-Soleil \u00c9ditions.<\/span><\/li>\n<li class=\"has-text-align-left\" style=\"text-align: justify;\"><span style=\"color: #001248;\">G\u00e9not, P. and Olivier, T. (2023) <em>Bourdieu. Une enqu\u00eate alg\u00e9rienne<\/em>. Paris: Steinkis.<\/span><\/li>\n<li class=\"has-text-align-left\" style=\"text-align: justify;\"><span style=\"color: #001248;\">(2010) <em>Hommage \u00e0 Feraoun. Proceedings of the colloquium held at the Amazigh Film Festival<\/em>. Tizi-Ouzou.<\/span><\/li>\n<li class=\"has-text-align-left\" style=\"text-align: justify;\"><span style=\"color: #001248;\">Martin-Criado, E. (2008) <em>Les deux Alg\u00e9ries de Pierre Bourdieu<\/em>. Vulaines-sur-Seine: Croquant.<\/span><\/li>\n<li class=\"has-text-align-left\" style=\"text-align: justify;\"><span style=\"color: #001248;\">P\u00e9rez, A. (2022) <em>Combattre en sociologues. Pierre Bourdieu et Abdelmalek Sayad dans une guerre de lib\u00e9ration<\/em> (Alg\u00e9rie 1958-1964). Marseille: Agone.<\/span><\/li>\n<li class=\"has-text-align-left\" style=\"text-align: justify;\"><span style=\"color: #001248;\">Sacco, J. (2009) <em>Footnotes in Gaza<\/em>. New York: Metropolitan Books.<\/span><\/li>\n<\/ul>\t\t\t\t\t\t\t\t<\/div>\n\t\t\t\t<\/div>\n\t\t\t\t\t<\/div>\n\t\t\t\t<\/div>\n\t\t\t\t<\/div>\n\t\t","protected":false},"excerpt":{"rendered":"<p>Pascal G\u00e9not Bourdieu. Une enqu\u00eate alg\u00e9rienne by Pascal G\u00e9not and Olivier Thomas (2023) is a graphic novel about Pierre Bourdieu&#8217;s Algeria. Pascal G\u00e9not, a screenwriter who holds a PhD in [&hellip;]<\/p>\n","protected":false},"author":1,"featured_media":0,"parent":545,"menu_order":0,"comment_status":"closed","ping_status":"closed","template":"","meta":{"_EventAllDay":false,"_EventTimezone":"","_EventStartDate":"","_EventEndDate":"","_EventStartDateUTC":"","_EventEndDateUTC":"","_EventShowMap":false,"_EventShowMapLink":false,"_EventURL":"","_EventCost":"","_EventCostDescription":"","_EventCurrencySymbol":"","_EventCurrencyCode":"","_EventCurrencyPosition":"","_EventDateTimeSeparator":"","_EventTimeRangeSeparator":"","_EventOrganizerID":[],"_EventVenueID":[],"_OrganizerEmail":"","_OrganizerPhone":"","_OrganizerWebsite":"","_VenueAddress":"","_VenueCity":"","_VenueCountry":"","_VenueProvince":"","_VenueState":"","_VenueZip":"","_VenuePhone":"","_VenueURL":"","_VenueStateProvince":"","_VenueLat":"","_VenueLng":"","_VenueShowMap":false,"_VenueShowMapLink":false,"footnotes":"[{\"content\":\"Thomas Alam and Nicolas Bu\u00e9 also highlight the limits of the \u201cpopularization\u201d of social sciences through graphic novels (2023).\",\"id\":\"263ccaa0-1cad-4a12-b3d2-9eea79470146\"}]"},"class_list":["post-679","page","type-page","status-publish","hentry"],"_links":{"self":[{"href":"https:\/\/practicalsense.net\/index.php\/wp-json\/wp\/v2\/pages\/679","targetHints":{"allow":["GET"]}}],"collection":[{"href":"https:\/\/practicalsense.net\/index.php\/wp-json\/wp\/v2\/pages"}],"about":[{"href":"https:\/\/practicalsense.net\/index.php\/wp-json\/wp\/v2\/types\/page"}],"author":[{"embeddable":true,"href":"https:\/\/practicalsense.net\/index.php\/wp-json\/wp\/v2\/users\/1"}],"replies":[{"embeddable":true,"href":"https:\/\/practicalsense.net\/index.php\/wp-json\/wp\/v2\/comments?post=679"}],"version-history":[{"count":26,"href":"https:\/\/practicalsense.net\/index.php\/wp-json\/wp\/v2\/pages\/679\/revisions"}],"predecessor-version":[{"id":2655,"href":"https:\/\/practicalsense.net\/index.php\/wp-json\/wp\/v2\/pages\/679\/revisions\/2655"}],"up":[{"embeddable":true,"href":"https:\/\/practicalsense.net\/index.php\/wp-json\/wp\/v2\/pages\/545"}],"wp:attachment":[{"href":"https:\/\/practicalsense.net\/index.php\/wp-json\/wp\/v2\/media?parent=679"}],"curies":[{"name":"wp","href":"https:\/\/api.w.org\/{rel}","templated":true}]}}